{"id":2,"date":"2022-03-14T04:55:25","date_gmt":"2022-03-14T04:55:25","guid":{"rendered":"http:\/\/palermorepuestos.com\/?page_id=2"},"modified":"2022-05-19T13:30:22","modified_gmt":"2022-05-19T13:30:22","slug":"sample-page","status":"publish","type":"page","link":"https:\/\/palermorepuestos.com\/index.php\/sample-page\/","title":{"rendered":"\u00bfQui\u00e9nes Somos?"},"content":{"rendered":"\n<p><\/p>\n\n\n\n<p><strong>HISTORIA DE LA EMPRESA<\/strong><\/p>\n\n\n\n<p class=\"has-text-align-center\">Palermo Repuestos abre sus puertas a mediados del a\u00f1o 2000, como una micro empresa de venta de lubricantes para motos, incorporando tiempo despu\u00e9s un surtido de repuestos y accesorios. Luego de mucho esfuerzo, dedicaci\u00f3n y bastante sacrificio por parte de su fundador principal Alberto Palermo, hoy d\u00eda se ha posicionado como la empresa l\u00edder en repuestos de motos para toda la provincia de Corrientes &#8211; Argentina. Palermo repuestos es una compa\u00f1\u00eda importadora que provee la m\u00e1s extensa y amplia gama de repuestos; todo lo referente a motocicletas (cubiertas, llantas, luces, bater\u00edas, chasis, motor, etc). Nuestra empresa combina una experiencia inigualable de compra con conocimientos especializados de parte de nuestro personal, capacitado constantemente para brindar asesor\u00eda t\u00e9cnica de calidad y un excelente trato a nuestros clientes.&nbsp;<\/p>\n\n\n\n<p><strong>MISI\u00d3N<\/strong><\/p>\n\n\n\n<p class=\"has-text-align-center\">Satisfacer a todos nuestros clientes con productos de absoluta calidad al precio mas competitivo del mercado, ofreciendo una atenci\u00f3n corporativa de excelencia y optimizando los recursos en pro de mejorar la calidad de vida, tanto de los colaboradores y talento humano como de nuestros distinguidos clientes.<\/p>\n\n\n\n<p><strong>VISI\u00d3N<\/strong><\/p>\n\n\n\n<p class=\"has-text-align-center\">Consolidarnos como la Corporaci\u00f3n en ventas numero uno de nuestra Argentina en el \u00e1mbito de moto repuestos, apostando al desarrollo permanente y sostenido de todas nuestras unidades de negocio, empleando al personal mejor calificado en cada departamento y a su vez favoreciendo al desarrollo econ\u00f3mico de nuestro pa\u00eds con lema \u00abSi Tenemos\u00bb<\/p>\n\n\n\n<p><\/p>\n","protected":false},"excerpt":{"rendered":"<p>HISTORIA DE LA EMPRESA Palermo Repuestos abre sus puertas a mediados del a\u00f1o 2000, como una micro empresa de venta de lubricantes para motos, incorporando tiempo despu\u00e9s un surtido de repuestos y accesorios. Luego de mucho esfuerzo, dedicaci\u00f3n y bastante sacrificio por parte de su fundador principal Alberto Palermo, hoy d\u00eda se ha posicionado como [&hellip;]<\/p>\n","protected":false},"author":1,"featured_media":0,"parent":0,"menu_order":0,"comment_status":"closed","ping_status":"closed","template":"","meta":{"om_disable_all_campaigns":false,"footnotes":""},"class_list":["post-2","page","type-page","status-publish","hentry"],"yoast_head":"<!-- This site is optimized with the Yoast SEO plugin v19.6.1 - https:\/\/yoast.com\/wordpress\/plugins\/seo\/ -->\n<title>\u00bfQui\u00e9nes Somos? - palermorepuestos.com<\/title>\n<meta name=\"robots\" content=\"index, follow, max-snippet:-1, max-image-preview:large, max-video-preview:-1\" \/>\n<link rel=\"canonical\" href=\"https:\/\/palermorepuestos.com\/index.php\/sample-page\/\" \/>\n<meta property=\"og:locale\" content=\"es_ES\" \/>\n<meta property=\"og:type\" content=\"article\" \/>\n<meta property=\"og:title\" content=\"\u00bfQui\u00e9nes Somos? - palermorepuestos.com\" \/>\n<meta property=\"og:description\" content=\"HISTORIA DE LA EMPRESA Palermo Repuestos abre sus puertas a mediados del a\u00f1o 2000, como una micro empresa de venta de lubricantes para motos, incorporando tiempo despu\u00e9s un surtido de repuestos y accesorios. Luego de mucho esfuerzo, dedicaci\u00f3n y bastante sacrificio por parte de su fundador principal Alberto Palermo, hoy d\u00eda se ha posicionado como [&hellip;]\" \/>\n<meta property=\"og:url\" content=\"https:\/\/palermorepuestos.com\/index.php\/sample-page\/\" \/>\n<meta property=\"og:site_name\" content=\"palermorepuestos.com\" \/>\n<meta property=\"article:modified_time\" content=\"2022-05-19T13:30:22+00:00\" \/>\n<meta name=\"twitter:card\" content=\"summary_large_image\" \/>\n<meta name=\"twitter:label1\" content=\"Tiempo de lectura\" \/>\n\t<meta name=\"twitter:data1\" content=\"1 minuto\" \/>\n<script type=\"application\/ld+json\" class=\"yoast-schema-graph\">{\"@context\":\"https:\/\/schema.org\",\"@graph\":[{\"@type\":\"WebPage\",\"@id\":\"https:\/\/palermorepuestos.com\/index.php\/sample-page\/\",\"url\":\"https:\/\/palermorepuestos.com\/index.php\/sample-page\/\",\"name\":\"\u00bfQui\u00e9nes Somos? - palermorepuestos.com\",\"isPartOf\":{\"@id\":\"https:\/\/palermorepuestos.com\/#website\"},\"datePublished\":\"2022-03-14T04:55:25+00:00\",\"dateModified\":\"2022-05-19T13:30:22+00:00\",\"breadcrumb\":{\"@id\":\"https:\/\/palermorepuestos.com\/index.php\/sample-page\/#breadcrumb\"},\"inLanguage\":\"es\",\"potentialAction\":[{\"@type\":\"ReadAction\",\"target\":[\"https:\/\/palermorepuestos.com\/index.php\/sample-page\/\"]}]},{\"@type\":\"BreadcrumbList\",\"@id\":\"https:\/\/palermorepuestos.com\/index.php\/sample-page\/#breadcrumb\",\"itemListElement\":[{\"@type\":\"ListItem\",\"position\":1,\"name\":\"Portada\",\"item\":\"https:\/\/palermorepuestos.com\/\"},{\"@type\":\"ListItem\",\"position\":2,\"name\":\"\u00bfQui\u00e9nes Somos?\"}]},{\"@type\":\"WebSite\",\"@id\":\"https:\/\/palermorepuestos.com\/#website\",\"url\":\"https:\/\/palermorepuestos.com\/\",\"name\":\"palermorepuestos.com\",\"description\":\"Repuestos para motos\",\"publisher\":{\"@id\":\"https:\/\/palermorepuestos.com\/#organization\"},\"potentialAction\":[{\"@type\":\"SearchAction\",\"target\":{\"@type\":\"EntryPoint\",\"urlTemplate\":\"https:\/\/palermorepuestos.com\/?s={search_term_string}\"},\"query-input\":\"required name=search_term_string\"}],\"inLanguage\":\"es\"},{\"@type\":\"Organization\",\"@id\":\"https:\/\/palermorepuestos.com\/#organization\",\"name\":\"palermorepuestos.com\",\"url\":\"https:\/\/palermorepuestos.com\/\",\"sameAs\":[],\"logo\":{\"@type\":\"ImageObject\",\"inLanguage\":\"es\",\"@id\":\"https:\/\/palermorepuestos.com\/#\/schema\/logo\/image\/\",\"url\":\"https:\/\/palermorepuestos.com\/wp-content\/uploads\/2022\/04\/logo-PALERMO-BASE-2.png\",\"contentUrl\":\"https:\/\/palermorepuestos.com\/wp-content\/uploads\/2022\/04\/logo-PALERMO-BASE-2.png\",\"width\":2016,\"height\":756,\"caption\":\"palermorepuestos.com\"},\"image\":{\"@id\":\"https:\/\/palermorepuestos.com\/#\/schema\/logo\/image\/\"}}]}<\/script>\n<!-- \/ Yoast SEO plugin. -->","yoast_head_json":{"title":"\u00bfQui\u00e9nes Somos? - palermorepuestos.com","robots":{"index":"index","follow":"follow","max-snippet":"max-snippet:-1","max-image-preview":"max-image-preview:large","max-video-preview":"max-video-preview:-1"},"canonical":"https:\/\/palermorepuestos.com\/index.php\/sample-page\/","og_locale":"es_ES","og_type":"article","og_title":"\u00bfQui\u00e9nes Somos? - palermorepuestos.com","og_description":"HISTORIA DE LA EMPRESA Palermo Repuestos abre sus puertas a mediados del a\u00f1o 2000, como una micro empresa de venta de lubricantes para motos, incorporando tiempo despu\u00e9s un surtido de repuestos y accesorios. Luego de mucho esfuerzo, dedicaci\u00f3n y bastante sacrificio por parte de su fundador principal Alberto Palermo, hoy d\u00eda se ha posicionado como [&hellip;]","og_url":"https:\/\/palermorepuestos.com\/index.php\/sample-page\/","og_site_name":"palermorepuestos.com","article_modified_time":"2022-05-19T13:30:22+00:00","twitter_card":"summary_large_image","twitter_misc":{"Tiempo de lectura":"1 minuto"},"schema":{"@context":"https:\/\/schema.org","@graph":[{"@type":"WebPage","@id":"https:\/\/palermorepuestos.com\/index.php\/sample-page\/","url":"https:\/\/palermorepuestos.com\/index.php\/sample-page\/","name":"\u00bfQui\u00e9nes Somos? - palermorepuestos.com","isPartOf":{"@id":"https:\/\/palermorepuestos.com\/#website"},"datePublished":"2022-03-14T04:55:25+00:00","dateModified":"2022-05-19T13:30:22+00:00","breadcrumb":{"@id":"https:\/\/palermorepuestos.com\/index.php\/sample-page\/#breadcrumb"},"inLanguage":"es","potentialAction":[{"@type":"ReadAction","target":["https:\/\/palermorepuestos.com\/index.php\/sample-page\/"]}]},{"@type":"BreadcrumbList","@id":"https:\/\/palermorepuestos.com\/index.php\/sample-page\/#breadcrumb","itemListElement":[{"@type":"ListItem","position":1,"name":"Portada","item":"https:\/\/palermorepuestos.com\/"},{"@type":"ListItem","position":2,"name":"\u00bfQui\u00e9nes Somos?"}]},{"@type":"WebSite","@id":"https:\/\/palermorepuestos.com\/#website","url":"https:\/\/palermorepuestos.com\/","name":"palermorepuestos.com","description":"Repuestos para motos","publisher":{"@id":"https:\/\/palermorepuestos.com\/#organization"},"potentialAction":[{"@type":"SearchAction","target":{"@type":"EntryPoint","urlTemplate":"https:\/\/palermorepuestos.com\/?s={search_term_string}"},"query-input":"required name=search_term_string"}],"inLanguage":"es"},{"@type":"Organization","@id":"https:\/\/palermorepuestos.com\/#organization","name":"palermorepuestos.com","url":"https:\/\/palermorepuestos.com\/","sameAs":[],"logo":{"@type":"ImageObject","inLanguage":"es","@id":"https:\/\/palermorepuestos.com\/#\/schema\/logo\/image\/","url":"https:\/\/palermorepuestos.com\/wp-content\/uploads\/2022\/04\/logo-PALERMO-BASE-2.png","contentUrl":"https:\/\/palermorepuestos.com\/wp-content\/uploads\/2022\/04\/logo-PALERMO-BASE-2.png","width":2016,"height":756,"caption":"palermorepuestos.com"},"image":{"@id":"https:\/\/palermorepuestos.com\/#\/schema\/logo\/image\/"}}]}},"_links":{"self":[{"href":"https:\/\/palermorepuestos.com\/index.php\/wp-json\/wp\/v2\/pages\/2","targetHints":{"allow":["GET"]}}],"collection":[{"href":"https:\/\/palermorepuestos.com\/index.php\/wp-json\/wp\/v2\/pages"}],"about":[{"href":"https:\/\/palermorepuestos.com\/index.php\/wp-json\/wp\/v2\/types\/page"}],"author":[{"embeddable":true,"href":"https:\/\/palermorepuestos.com\/index.php\/wp-json\/wp\/v2\/users\/1"}],"replies":[{"embeddable":true,"href":"https:\/\/palermorepuestos.com\/index.php\/wp-json\/wp\/v2\/comments?post=2"}],"version-history":[{"count":4,"href":"https:\/\/palermorepuestos.com\/index.php\/wp-json\/wp\/v2\/pages\/2\/revisions"}],"predecessor-version":[{"id":165,"href":"https:\/\/palermorepuestos.com\/index.php\/wp-json\/wp\/v2\/pages\/2\/revisions\/165"}],"wp:attachment":[{"href":"https:\/\/palermorepuestos.com\/index.php\/wp-json\/wp\/v2\/media?parent=2"}],"curies":[{"name":"wp","href":"https:\/\/api.w.org\/{rel}","templated":true}]}}