{"id":3,"date":"2022-03-14T04:55:25","date_gmt":"2022-03-14T04:55:25","guid":{"rendered":"http:\/\/palermorepuestos.com\/?page_id=3"},"modified":"2022-04-29T12:34:24","modified_gmt":"2022-04-29T12:34:24","slug":"privacy-policy","status":"publish","type":"page","link":"https:\/\/palermorepuestos.com\/index.php\/privacy-policy\/","title":{"rendered":"Linea de Productos"},"content":{"rendered":"\n<p><\/p>\n\n\n\n<p class=\"has-text-align-center\">PALERMO REPUESTOS ofrece una amplia gama de productos a su disposici\u00f3n,<br>Tenemos un cat\u00e1logo amplio, con variedad de marcas y modelos.<\/p>\n\n\n\n<p class=\"has-text-align-center\">Gracias al crecimiento continuo que tuvimos desde nuestros<br>comienzos, nos hemos consolidado en el mercado como una de<br>las empresas l\u00edderes, proyectando los mejores resultados con<br>vistas al futuro, porque nuestra diferenciaci\u00f3n es la calidad, la<br>innovaci\u00f3n constante y el servicio al cliente.<\/p>\n\n\n\n","protected":false},"excerpt":{"rendered":"<p>PALERMO REPUESTOS ofrece una amplia gama de productos a su disposici\u00f3n,Tenemos un cat\u00e1logo amplio, con variedad de marcas y modelos. Gracias al crecimiento continuo que tuvimos desde nuestroscomienzos, nos hemos consolidado en el mercado como una delas empresas l\u00edderes, proyectando los mejores resultados convistas al futuro, porque nuestra diferenciaci\u00f3n es la calidad, lainnovaci\u00f3n constante y [&hellip;]<\/p>\n","protected":false},"author":1,"featured_media":0,"parent":0,"menu_order":0,"comment_status":"closed","ping_status":"closed","template":"","meta":{"om_disable_all_campaigns":false,"footnotes":""},"class_list":["post-3","page","type-page","status-publish","hentry"],"yoast_head":"<!-- This site is optimized with the Yoast SEO plugin v19.6.1 - https:\/\/yoast.com\/wordpress\/plugins\/seo\/ -->\n<title>Linea de Productos - palermorepuestos.com<\/title>\n<meta name=\"robots\" content=\"index, follow, max-snippet:-1, max-image-preview:large, max-video-preview:-1\" \/>\n<link rel=\"canonical\" href=\"https:\/\/palermorepuestos.com\/index.php\/privacy-policy\/\" \/>\n<meta property=\"og:locale\" content=\"es_ES\" \/>\n<meta property=\"og:type\" content=\"article\" \/>\n<meta property=\"og:title\" content=\"Linea de Productos - palermorepuestos.com\" \/>\n<meta property=\"og:description\" content=\"PALERMO REPUESTOS ofrece una amplia gama de productos a su disposici\u00f3n,Tenemos un cat\u00e1logo amplio, con variedad de marcas y modelos. Gracias al crecimiento continuo que tuvimos desde nuestroscomienzos, nos hemos consolidado en el mercado como una delas empresas l\u00edderes, proyectando los mejores resultados convistas al futuro, porque nuestra diferenciaci\u00f3n es la calidad, lainnovaci\u00f3n constante y [&hellip;]\" \/>\n<meta property=\"og:url\" content=\"https:\/\/palermorepuestos.com\/index.php\/privacy-policy\/\" \/>\n<meta property=\"og:site_name\" content=\"palermorepuestos.com\" \/>\n<meta property=\"article:modified_time\" content=\"2022-04-29T12:34:24+00:00\" \/>\n<meta name=\"twitter:card\" content=\"summary_large_image\" \/>\n<script type=\"application\/ld+json\" class=\"yoast-schema-graph\">{\"@context\":\"https:\/\/schema.org\",\"@graph\":[{\"@type\":\"WebPage\",\"@id\":\"https:\/\/palermorepuestos.com\/index.php\/privacy-policy\/\",\"url\":\"https:\/\/palermorepuestos.com\/index.php\/privacy-policy\/\",\"name\":\"Linea de Productos - palermorepuestos.com\",\"isPartOf\":{\"@id\":\"https:\/\/palermorepuestos.com\/#website\"},\"datePublished\":\"2022-03-14T04:55:25+00:00\",\"dateModified\":\"2022-04-29T12:34:24+00:00\",\"breadcrumb\":{\"@id\":\"https:\/\/palermorepuestos.com\/index.php\/privacy-policy\/#breadcrumb\"},\"inLanguage\":\"es\",\"potentialAction\":[{\"@type\":\"ReadAction\",\"target\":[\"https:\/\/palermorepuestos.com\/index.php\/privacy-policy\/\"]}]},{\"@type\":\"BreadcrumbList\",\"@id\":\"https:\/\/palermorepuestos.com\/index.php\/privacy-policy\/#breadcrumb\",\"itemListElement\":[{\"@type\":\"ListItem\",\"position\":1,\"name\":\"Portada\",\"item\":\"https:\/\/palermorepuestos.com\/\"},{\"@type\":\"ListItem\",\"position\":2,\"name\":\"Linea de Productos\"}]},{\"@type\":\"WebSite\",\"@id\":\"https:\/\/palermorepuestos.com\/#website\",\"url\":\"https:\/\/palermorepuestos.com\/\",\"name\":\"palermorepuestos.com\",\"description\":\"Repuestos para motos\",\"publisher\":{\"@id\":\"https:\/\/palermorepuestos.com\/#organization\"},\"potentialAction\":[{\"@type\":\"SearchAction\",\"target\":{\"@type\":\"EntryPoint\",\"urlTemplate\":\"https:\/\/palermorepuestos.com\/?s={search_term_string}\"},\"query-input\":\"required name=search_term_string\"}],\"inLanguage\":\"es\"},{\"@type\":\"Organization\",\"@id\":\"https:\/\/palermorepuestos.com\/#organization\",\"name\":\"palermorepuestos.com\",\"url\":\"https:\/\/palermorepuestos.com\/\",\"sameAs\":[],\"logo\":{\"@type\":\"ImageObject\",\"inLanguage\":\"es\",\"@id\":\"https:\/\/palermorepuestos.com\/#\/schema\/logo\/image\/\",\"url\":\"https:\/\/palermorepuestos.com\/wp-content\/uploads\/2022\/04\/logo-PALERMO-BASE-2.png\",\"contentUrl\":\"https:\/\/palermorepuestos.com\/wp-content\/uploads\/2022\/04\/logo-PALERMO-BASE-2.png\",\"width\":2016,\"height\":756,\"caption\":\"palermorepuestos.com\"},\"image\":{\"@id\":\"https:\/\/palermorepuestos.com\/#\/schema\/logo\/image\/\"}}]}<\/script>\n<!-- \/ Yoast SEO plugin. -->","yoast_head_json":{"title":"Linea de Productos - palermorepuestos.com","robots":{"index":"index","follow":"follow","max-snippet":"max-snippet:-1","max-image-preview":"max-image-preview:large","max-video-preview":"max-video-preview:-1"},"canonical":"https:\/\/palermorepuestos.com\/index.php\/privacy-policy\/","og_locale":"es_ES","og_type":"article","og_title":"Linea de Productos - palermorepuestos.com","og_description":"PALERMO REPUESTOS ofrece una amplia gama de productos a su disposici\u00f3n,Tenemos un cat\u00e1logo amplio, con variedad de marcas y modelos. Gracias al crecimiento continuo que tuvimos desde nuestroscomienzos, nos hemos consolidado en el mercado como una delas empresas l\u00edderes, proyectando los mejores resultados convistas al futuro, porque nuestra diferenciaci\u00f3n es la calidad, lainnovaci\u00f3n constante y [&hellip;]","og_url":"https:\/\/palermorepuestos.com\/index.php\/privacy-policy\/","og_site_name":"palermorepuestos.com","article_modified_time":"2022-04-29T12:34:24+00:00","twitter_card":"summary_large_image","schema":{"@context":"https:\/\/schema.org","@graph":[{"@type":"WebPage","@id":"https:\/\/palermorepuestos.com\/index.php\/privacy-policy\/","url":"https:\/\/palermorepuestos.com\/index.php\/privacy-policy\/","name":"Linea de Productos - palermorepuestos.com","isPartOf":{"@id":"https:\/\/palermorepuestos.com\/#website"},"datePublished":"2022-03-14T04:55:25+00:00","dateModified":"2022-04-29T12:34:24+00:00","breadcrumb":{"@id":"https:\/\/palermorepuestos.com\/index.php\/privacy-policy\/#breadcrumb"},"inLanguage":"es","potentialAction":[{"@type":"ReadAction","target":["https:\/\/palermorepuestos.com\/index.php\/privacy-policy\/"]}]},{"@type":"BreadcrumbList","@id":"https:\/\/palermorepuestos.com\/index.php\/privacy-policy\/#breadcrumb","itemListElement":[{"@type":"ListItem","position":1,"name":"Portada","item":"https:\/\/palermorepuestos.com\/"},{"@type":"ListItem","position":2,"name":"Linea de Productos"}]},{"@type":"WebSite","@id":"https:\/\/palermorepuestos.com\/#website","url":"https:\/\/palermorepuestos.com\/","name":"palermorepuestos.com","description":"Repuestos para motos","publisher":{"@id":"https:\/\/palermorepuestos.com\/#organization"},"potentialAction":[{"@type":"SearchAction","target":{"@type":"EntryPoint","urlTemplate":"https:\/\/palermorepuestos.com\/?s={search_term_string}"},"query-input":"required name=search_term_string"}],"inLanguage":"es"},{"@type":"Organization","@id":"https:\/\/palermorepuestos.com\/#organization","name":"palermorepuestos.com","url":"https:\/\/palermorepuestos.com\/","sameAs":[],"logo":{"@type":"ImageObject","inLanguage":"es","@id":"https:\/\/palermorepuestos.com\/#\/schema\/logo\/image\/","url":"https:\/\/palermorepuestos.com\/wp-content\/uploads\/2022\/04\/logo-PALERMO-BASE-2.png","contentUrl":"https:\/\/palermorepuestos.com\/wp-content\/uploads\/2022\/04\/logo-PALERMO-BASE-2.png","width":2016,"height":756,"caption":"palermorepuestos.com"},"image":{"@id":"https:\/\/palermorepuestos.com\/#\/schema\/logo\/image\/"}}]}},"_links":{"self":[{"href":"https:\/\/palermorepuestos.com\/index.php\/wp-json\/wp\/v2\/pages\/3","targetHints":{"allow":["GET"]}}],"collection":[{"href":"https:\/\/palermorepuestos.com\/index.php\/wp-json\/wp\/v2\/pages"}],"about":[{"href":"https:\/\/palermorepuestos.com\/index.php\/wp-json\/wp\/v2\/types\/page"}],"author":[{"embeddable":true,"href":"https:\/\/palermorepuestos.com\/index.php\/wp-json\/wp\/v2\/users\/1"}],"replies":[{"embeddable":true,"href":"https:\/\/palermorepuestos.com\/index.php\/wp-json\/wp\/v2\/comments?post=3"}],"version-history":[{"count":13,"href":"https:\/\/palermorepuestos.com\/index.php\/wp-json\/wp\/v2\/pages\/3\/revisions"}],"predecessor-version":[{"id":206,"href":"https:\/\/palermorepuestos.com\/index.php\/wp-json\/wp\/v2\/pages\/3\/revisions\/206"}],"wp:attachment":[{"href":"https:\/\/palermorepuestos.com\/index.php\/wp-json\/wp\/v2\/media?parent=3"}],"curies":[{"name":"wp","href":"https:\/\/api.w.org\/{rel}","templated":true}]}}